{"id":479,"date":"2014-10-08T17:14:00","date_gmt":"2014-10-08T15:14:00","guid":{"rendered":"http:\/\/www.vereinfernsehturmdresden.de\/?page_id=479"},"modified":"2022-11-22T18:29:43","modified_gmt":"2022-11-22T17:29:43","slug":"der-turm","status":"publish","type":"page","link":"https:\/\/www.vereinfernsehturmdresden.de\/?page_id=479","title":{"rendered":"Der Turm"},"content":{"rendered":"<h3>Der Fernsehturm &#8211; Zahlen und Fakten<\/h3>\n<p><em><strong>Adresse:<\/strong><\/em><\/p>\n<div id=\"attachment_38\" class=\"wp-caption alignright\" style=\"width: 235px\"><a href=\"http:\/\/www.vereinfernsehturmdresden.de\/wp-content\/uploads\/2014\/06\/CIMG5269.jpg\"><img loading=\"lazy\" decoding=\"async\" class=\"size-medium wp-image-38\" src=\"http:\/\/www.vereinfernsehturmdresden.de\/wp-content\/uploads\/2014\/06\/CIMG5269-225x300.jpg\" alt=\"Foto: \u00a9 Heiko Berthold\" width=\"225\" height=\"300\" srcset=\"https:\/\/www.vereinfernsehturmdresden.de\/wp-content\/uploads\/2014\/06\/CIMG5269-225x300.jpg 225w, https:\/\/www.vereinfernsehturmdresden.de\/wp-content\/uploads\/2014\/06\/CIMG5269.jpg 450w\" sizes=\"(max-width: 225px) 100vw, 225px\" \/><\/a><p class=\"wp-caption-text\">Foto: \u00a9 Heiko Berthold<\/p><\/div>\n<p>Fernsehturm Dresden-Wachwitz<br \/>\n01326 Dresden<br \/>\nOberwachwitzer Weg 37<\/p>\n<p><em><strong>Eigent\u00fcmer<\/strong><\/em><\/p>\n<p>Telekom Deutschland GmbH<br \/>\nLandgrabenweg 151<br \/>\n53227 Bonn<\/p>\n<p><em><strong>Betreiber:<\/strong><\/em><\/p>\n<p>DFMG Deutsche Funkturm GmbH<br \/>\nGartenstra\u00dfe 217, 48147 M\u00fcnster<br \/>\nPostfach 2145, 48008 M\u00fcnster<\/p>\n<p><strong>Bauzeit:<\/strong> 1963 &#8211; 1969 (unter Federf\u00fchrung des VEB BMK Kohle und Energie)<br \/>\n<strong>Architekten:<\/strong> Kurt Nowotny, Herrmann R\u00fchle, Johannes Braune<br \/>\n<strong>Baustoffe:<\/strong> Beton, Stahlbeton<br \/>\n<strong>Betriebszeit:<\/strong> seit September 1969 als Sendeanlage, seit Oktober 1969 bis 1991 als Touristenattraktion<br \/>\n<strong>Gesamth\u00f6he:<\/strong> 252 m<br \/>\n<strong>H\u00f6he der Aussichtsplattformen:<\/strong> 145\u00a0m (Caf\u00e9), 148\u00a0m (freie Plattform)<br \/>\n<strong>H\u00f6hen der Restaurants:<\/strong> 145 m<br \/>\n<strong>Gesamtmasse:<\/strong> 7300 t<br \/>\n<strong>Schlie\u00dfung (Caf\u00e9\/Aussichtsplattform):<\/strong> 1991<br \/>\n<strong>Durchmesser:<\/strong> 21\u00a0m Stahlbeton-Ringfundament, am Turmfu\u00df 9,40\u00a0m, am Kelchrand 16\u00a0m, am Caf\u00e9 15,50\u00a0m und am Antennentr\u00e4ger 3\u00a0m bis 1,80\u00a0m<\/p>\n<p>Die Schwingungen des Turmes werden von einem in \u00d6l gelagerten Tilgerpendel ged\u00e4mpft.<\/p>\n<div id=\"attachment_51\" class=\"wp-caption alignleft\" style=\"width: 310px\"><a href=\"http:\/\/www.vereinfernsehturmdresden.de\/wp-content\/uploads\/2014\/06\/DWH4.jpg\"><img loading=\"lazy\" decoding=\"async\" class=\"size-medium wp-image-51\" src=\"http:\/\/www.vereinfernsehturmdresden.de\/wp-content\/uploads\/2014\/06\/DWH4-300x212.jpg\" alt=\"Turmcafe, Foto: \u00a9 Hellerauer Werkst\u00e4tten\" width=\"300\" height=\"212\" srcset=\"https:\/\/www.vereinfernsehturmdresden.de\/wp-content\/uploads\/2014\/06\/DWH4-300x212.jpg 300w, https:\/\/www.vereinfernsehturmdresden.de\/wp-content\/uploads\/2014\/06\/DWH4.jpg 800w\" sizes=\"(max-width: 300px) 100vw, 300px\" \/><\/a><p class=\"wp-caption-text\">Turmcafe, Foto: \u00a9 Hellerauer Werkst\u00e4tten<\/p><\/div>\n<ul>\n<li>zu Zeiten des \u00f6ffentlichen Betriebes z\u00e4hlte das Caf\u00e9 j\u00e4hrlich ca. 200.000 Besucher<\/li>\n<li>mit dem Schnellaufzug war man mit einer Geschwindigkeit von 6 m\/s in ungef\u00e4hr 25 s auf H\u00f6he des Caf\u00e9s<\/li>\n<li>den Turm konnte man auch \u00fcber 750 Stufen zu Fu\u00df erklimmen<\/li>\n<\/ul>\n<div class=\"twoclick_social_bookmarks_post_479 social_share_privacy clearfix 1.6.4 locale-de_DE sprite-de_DE\"><\/div><div class=\"twoclick-js\"><script type=\"text\/javascript\">\/* <![CDATA[ *\/\njQuery(document).ready(function($){if($('.twoclick_social_bookmarks_post_479')){$('.twoclick_social_bookmarks_post_479').socialSharePrivacy({\"services\":{\"facebook\":{\"status\":\"on\",\"txt_info\":\"2 Klicks f\\u00fcr mehr Datenschutz: Erst wenn Sie hier klicken, wird der Button aktiv und Sie k\\u00f6nnen Ihre Empfehlung an Facebook senden. Schon beim Aktivieren werden Daten an Dritte \\u00fcbertragen - siehe <em>i<\\\/em>.\",\"perma_option\":\"off\",\"action\":\"like\",\"language\":\"de_DE\"},\"twitter\":{\"reply_to\":\"\",\"tweet_text\":\"Der%20Turm%20%C2%BB%20Fernsehturm%20Dresden%20e.V.\",\"status\":\"on\",\"txt_info\":\"2 Klicks f\\u00fcr mehr Datenschutz: Erst wenn Sie hier klicken, wird der Button aktiv und Sie k\\u00f6nnen Ihre Empfehlung an Twitter senden. Schon beim Aktivieren werden Daten an Dritte \\u00fcbertragen - siehe <em>i<\\\/em>.\",\"perma_option\":\"off\",\"language\":\"de\",\"referrer_track\":\"\"},\"gplus\":{\"status\":\"on\",\"txt_info\":\"2 Klicks f\\u00fcr mehr Datenschutz: Erst wenn Sie hier klicken, wird der Button aktiv und Sie k\\u00f6nnen Ihre Empfehlung an Google+ senden. Schon beim Aktivieren werden Daten an Dritte \\u00fcbertragen - siehe <em>i<\\\/em>.\",\"perma_option\":\"off\",\"referrer_track\":\"\"}},\"txt_help\":\"Wenn Sie diese Felder durch einen Klick aktivieren, werden Informationen an Facebook, Twitter, Flattr, Xing, t3n, LinkedIn, Pinterest oder Google eventuell ins Ausland \\u00fcbertragen und unter Umst\\u00e4nden auch dort gespeichert. N\\u00e4heres erfahren Sie durch einen Klick auf das <em>i<\\\/em>.\",\"settings_perma\":\"Dauerhaft aktivieren und Daten\\u00fcber-tragung zustimmen:\",\"info_link\":\"http:\\\/\\\/www.heise.de\\\/ct\\\/artikel\\\/2-Klicks-fuer-mehr-Datenschutz-1333879.html\",\"uri\":\"https:\\\/\\\/www.vereinfernsehturmdresden.de\\\/?page_id=479\",\"post_id\":479,\"post_title_referrer_track\":\"Der+Turm\",\"display_infobox\":\"on\"});}});\n\/* ]]> *\/<\/script><\/div>","protected":false},"excerpt":{"rendered":"<p>Der Fernsehturm &#8211; Zahlen und Fakten Adresse: Fernsehturm Dresden-Wachwitz 01326 Dresden Oberwachwitzer Weg 37 Eigent\u00fcmer Telekom Deutschland GmbH Landgrabenweg 151 53227 Bonn [&hellip;]<\/p>\n","protected":false},"author":1,"featured_media":0,"parent":0,"menu_order":10,"comment_status":"open","ping_status":"closed","template":"","meta":{"ngg_post_thumbnail":0,"footnotes":""},"aioseo_notices":[],"_links":{"self":[{"href":"https:\/\/www.vereinfernsehturmdresden.de\/index.php?rest_route=\/wp\/v2\/pages\/479"}],"collection":[{"href":"https:\/\/www.vereinfernsehturmdresden.de\/index.php?rest_route=\/wp\/v2\/pages"}],"about":[{"href":"https:\/\/www.vereinfernsehturmdresden.de\/index.php?rest_route=\/wp\/v2\/types\/page"}],"author":[{"embeddable":true,"href":"https:\/\/www.vereinfernsehturmdresden.de\/index.php?rest_route=\/wp\/v2\/users\/1"}],"replies":[{"embeddable":true,"href":"https:\/\/www.vereinfernsehturmdresden.de\/index.php?rest_route=%2Fwp%2Fv2%2Fcomments&post=479"}],"version-history":[{"count":8,"href":"https:\/\/www.vereinfernsehturmdresden.de\/index.php?rest_route=\/wp\/v2\/pages\/479\/revisions"}],"predecessor-version":[{"id":2136,"href":"https:\/\/www.vereinfernsehturmdresden.de\/index.php?rest_route=\/wp\/v2\/pages\/479\/revisions\/2136"}],"wp:attachment":[{"href":"https:\/\/www.vereinfernsehturmdresden.de\/index.php?rest_route=%2Fwp%2Fv2%2Fmedia&parent=479"}],"curies":[{"name":"wp","href":"https:\/\/api.w.org\/{rel}","templated":true}]}}