{"id":18,"date":"2014-06-20T11:48:38","date_gmt":"2014-06-20T09:48:38","guid":{"rendered":"http:\/\/www.p-ace.de\/FTurm\/?page_id=18"},"modified":"2024-05-12T17:31:50","modified_gmt":"2024-05-12T15:31:50","slug":"gruendung","status":"publish","type":"page","link":"https:\/\/www.vereinfernsehturmdresden.de\/?page_id=18","title":{"rendered":"Gr\u00fcndung"},"content":{"rendered":"<div class=\"inside\">\n<div id=\"gruendung\" class=\"mod_article block\">\n<div class=\"ce_text block\">\n<p style=\"padding: 0cm;\"><span style=\"color: #000000; font-size: 25px;\"><span style=\"font-family: Trebuchet MS, sans-serif;\"><strong><span lang=\"de\">Gr\u00fcndung <\/span>des Vereins<\/strong><\/span>\u201e<span style=\"font-family: Trebuchet MS, sans-serif;\"><strong>Fernsehturm Dresden\u201c<\/strong><\/span><\/span><\/p>\n<p style=\"padding: 0cm;\"><span style=\"font-family: Trebuchet MS, sans-serif; font-size: 15px;\">Der Fernsehturm auf der Oberwachwitzer H\u00f6he war von seiner Er\u00f6ffnung 1969 bis 1990 mit einer H\u00f6he von 252 m, einem Restaurant und einer Aussichtsplattform in 148 m ein sehr beliebtes Ausflugsziel f\u00fcr die Dresdner und ihre G\u00e4ste.<\/span><\/p>\n<p style=\"padding: 0cm;\"><span style=\"font-family: Trebuchet MS, sans-serif; font-size: 15px;\">Er ist das h\u00f6chste Bauwerk der Stadt. Die beachtliche Gesamtmasse betr\u00e4gt 7300 t und ruht auf einem Rundfundament aus Stahlbeton, das auf Lausitzer Granit gegr\u00fcndet ist. Der Turm wurde von den Architekten Novotny und Braune projektiert und den Ingenieuren R\u00fchle und Macher konstruiert.<\/span><\/p>\n<p style=\"padding: 0cm;\"><span style=\"font-family: Trebuchet MS, sans-serif; font-size: 15px;\">Mit der Wende (1989), die einen historischen Neubeginn erm\u00f6glichte, wurde es nach einer technischen Sanierung 1991 um den Turm sehr ruhig. Er wird durch den neuen Eigent\u00fcmer, der Deutschen Telekom, zwar weiter genutzt, verlor aber seine attraktive Rolle f\u00fcr die Freizeitgestaltung der Dresdner B\u00fcrger und f\u00fcr das touristische Leben in unserem Land und fiel in einen \u201eDornr\u00f6schen-Schlaf\u201c.<\/span><\/p>\n<p style=\"padding: 0cm;\"><span style=\"font-family: Trebuchet MS, sans-serif; font-size: 15px;\">Aus diesem \u201eSchlaf\u201c m\u00f6chte ihn ein Freundeskreis zu neuem pulsierenden Leben erwecken.<\/span><\/p>\n<p style=\"padding: 0cm;\"><span style=\"font-family: Trebuchet MS, sans-serif; font-size: 15px;\">Ohne private Initiative wird dieser ideale Aussichtspunkt auch weiterhin der Bev\u00f6lkerung verschlossen bleiben<em>.<\/em><\/span><\/p>\n<p style=\"padding: 0cm;\"><span style=\"font-family: Trebuchet MS, sans-serif; font-size: 15px;\">Nat\u00fcrlich geht so etwas nicht von heute auf morgen, <strong>aber wenn nicht begonnen wird, passiert auch nichts.<\/strong> Eine breite Unterst\u00fctzung durch alle Dresdner, die sich zu diesem Wahrzeichen bekennen und es wie die Frauenkirche neu erstrahlen lassen wollen, ist gefragt. Nur gemeinsam mit Sponsoren, Banken, K\u00fcnstlern, Firmen, Politikern und \u00f6ffentlichen Einrichtungen wird es m\u00f6glich sein, dieses Wahrzeichen der Stadt zu erhalten und f\u00fcr die Dresdner und ihre G\u00e4ste wieder zu \u00f6ffnen.<\/span><\/p>\n<p style=\"padding: 0cm;\"><span style=\"font-family: Trebuchet MS, sans-serif; font-size: 15px;\">Wir haben<span lang=\"de\"> den <strong>F\u00f6rderv<\/strong><\/span><strong>erein Fernsehturm Dresden<\/strong> am <strong>26.11.04<\/strong>, <strong>17.00<\/strong> <strong>Uhr<\/strong> im Dachgeschoss \u201eGlasturm\u201c des World Trade Center, Ammonstrasse 70<span lang=\"de\">,<\/span> gegr\u00fcndet<span lang=\"de\">. Am 29.11.2004 wurde der Verein beim Amtsgericht Dresden zur Eintragung angemeldet und am 13.12.2004 erfolgte die Eintragung des F\u00f6rdervereins Fernsehturm Dresden unter der Vereinsnummer VR 4441 in das Vereinsregister beim Amtsgericht Dresden<\/span>. <\/span><\/p>\n<p style=\"padding: 0cm;\"><span style=\"font-family: Trebuchet MS, sans-serif; font-size: 15px;\">Gewinnen Sie weitere Interessenten und Sponsoren, die aktiv oder passiv an diesem Geschehen teilhaben wollen. Gute Ideen sind gefragt \u2013 man kann z.B. Stifterbriefe herauszugeben und diese an den einzelnen Stufen im Inneren des Fernsehturmes anbringen &#8211; warum sollte es nicht eine \u201eFernsehturm-Uhr\u201c oder \u201eFernsehturm-Wein\u201c geben? Mit der Dresdner Tourismus GmbH k\u00f6nnten Vereinbarungen getroffen werden, um Besuchern unserer Stadt, des Zwingers oder bei Stadtrundfahrten auch den Besuch des Fernsehturmes zu erm\u00f6glichen, um sich Dresden und seine interessante Umgebung von \u201eganz oben\u201c anzuschauen. <\/span><\/p>\n<p style=\"padding: 0cm;\"><span style=\"font-family: Trebuchet MS, sans-serif; font-size: 15px;\">Wir sind optimistisch, dass dieses Vorhaben auf ein gro\u00dfes Interesse aller Dresdner B\u00fcrger sto\u00dfen wird. Besonders hoffen wir auf Ihre pers\u00f6nliche Bereitschaft, dieses Ziel f\u00f6rdern zu helfen.<\/span><\/p>\n<p><span style=\"color: #800000;\"><em>Unterst\u00fctzung des Vereins ist nat\u00fcrlich immer sehr willkommen. Der Verein an sich ist jedoch nicht als gemeinn\u00fctzig eingestuft, da es sich beim Fernsehturm Dresden um Privatbesitz der Deutschen Funkturm GmbH handelt. Aus diesem Grund kann der Verein keine Spendenaktionen durchf\u00fchren. Es k\u00f6nnen f\u00fcr geleistete Spenden keine Spendenbescheinigungen f\u00fcr das Finanzamt ausgestellt werden.<\/em><\/span><\/p>\n<p style=\"padding: 0cm;\"><span style=\"color: #800000;\"><em>&nbsp;<strong>Wenn Sie uns finanziell unterst\u00fctzen m\u00f6chten, so nutzen Sie bitte folgende Bankverbindung:<\/strong><\/em><\/span><\/p>\n<p class=\"ecxMsoNormal\"><span style=\"color: #800000;\"><em>Bankverbindung: IBAN: <\/em><\/span>DE09 8509 0000 35190 91010<\/p>\n<p style=\"padding: 0cm;\"><span style=\"font-family: Trebuchet MS, sans-serif; font-size: 15px;\">&nbsp;<\/span><\/p>\n<\/div>\n<\/div>\n<\/div>\n<div class=\"twoclick_social_bookmarks_post_18 social_share_privacy clearfix 1.6.4 locale-de_DE sprite-de_DE\"><\/div><div class=\"twoclick-js\"><script type=\"text\/javascript\">\/* <![CDATA[ *\/\njQuery(document).ready(function($){if($('.twoclick_social_bookmarks_post_18')){$('.twoclick_social_bookmarks_post_18').socialSharePrivacy({\"services\":{\"facebook\":{\"status\":\"on\",\"txt_info\":\"2 Klicks f\\u00fcr mehr Datenschutz: Erst wenn Sie hier klicken, wird der Button aktiv und Sie k\\u00f6nnen Ihre Empfehlung an Facebook senden. Schon beim Aktivieren werden Daten an Dritte \\u00fcbertragen - siehe <em>i<\\\/em>.\",\"perma_option\":\"off\",\"action\":\"like\",\"language\":\"de_DE\"},\"twitter\":{\"reply_to\":\"\",\"tweet_text\":\"Gr%C3%BCndung%20%C2%BB%20Fernsehturm%20Dresden%20e.V.\",\"status\":\"on\",\"txt_info\":\"2 Klicks f\\u00fcr mehr Datenschutz: Erst wenn Sie hier klicken, wird der Button aktiv und Sie k\\u00f6nnen Ihre Empfehlung an Twitter senden. Schon beim Aktivieren werden Daten an Dritte \\u00fcbertragen - siehe <em>i<\\\/em>.\",\"perma_option\":\"off\",\"language\":\"de\",\"referrer_track\":\"\"},\"gplus\":{\"status\":\"on\",\"txt_info\":\"2 Klicks f\\u00fcr mehr Datenschutz: Erst wenn Sie hier klicken, wird der Button aktiv und Sie k\\u00f6nnen Ihre Empfehlung an Google+ senden. Schon beim Aktivieren werden Daten an Dritte \\u00fcbertragen - siehe <em>i<\\\/em>.\",\"perma_option\":\"off\",\"referrer_track\":\"\"}},\"txt_help\":\"Wenn Sie diese Felder durch einen Klick aktivieren, werden Informationen an Facebook, Twitter, Flattr, Xing, t3n, LinkedIn, Pinterest oder Google eventuell ins Ausland \\u00fcbertragen und unter Umst\\u00e4nden auch dort gespeichert. N\\u00e4heres erfahren Sie durch einen Klick auf das <em>i<\\\/em>.\",\"settings_perma\":\"Dauerhaft aktivieren und Daten\\u00fcber-tragung zustimmen:\",\"info_link\":\"http:\\\/\\\/www.heise.de\\\/ct\\\/artikel\\\/2-Klicks-fuer-mehr-Datenschutz-1333879.html\",\"uri\":\"https:\\\/\\\/www.vereinfernsehturmdresden.de\\\/?page_id=18\",\"post_id\":18,\"post_title_referrer_track\":\"Gr%C3%BCndung\",\"display_infobox\":\"on\"});}});\n\/* ]]> *\/<\/script><\/div>","protected":false},"excerpt":{"rendered":"<p>Gr\u00fcndung des Vereins\u201eFernsehturm Dresden\u201c Der Fernsehturm auf der Oberwachwitzer H\u00f6he war von seiner Er\u00f6ffnung 1969 bis 1990 mit einer H\u00f6he von 252 [&hellip;]<\/p>\n","protected":false},"author":1,"featured_media":0,"parent":0,"menu_order":1,"comment_status":"closed","ping_status":"closed","template":"","meta":{"ngg_post_thumbnail":0,"footnotes":""},"aioseo_notices":[],"_links":{"self":[{"href":"https:\/\/www.vereinfernsehturmdresden.de\/index.php?rest_route=\/wp\/v2\/pages\/18"}],"collection":[{"href":"https:\/\/www.vereinfernsehturmdresden.de\/index.php?rest_route=\/wp\/v2\/pages"}],"about":[{"href":"https:\/\/www.vereinfernsehturmdresden.de\/index.php?rest_route=\/wp\/v2\/types\/page"}],"author":[{"embeddable":true,"href":"https:\/\/www.vereinfernsehturmdresden.de\/index.php?rest_route=\/wp\/v2\/users\/1"}],"replies":[{"embeddable":true,"href":"https:\/\/www.vereinfernsehturmdresden.de\/index.php?rest_route=%2Fwp%2Fv2%2Fcomments&post=18"}],"version-history":[{"count":7,"href":"https:\/\/www.vereinfernsehturmdresden.de\/index.php?rest_route=\/wp\/v2\/pages\/18\/revisions"}],"predecessor-version":[{"id":2237,"href":"https:\/\/www.vereinfernsehturmdresden.de\/index.php?rest_route=\/wp\/v2\/pages\/18\/revisions\/2237"}],"wp:attachment":[{"href":"https:\/\/www.vereinfernsehturmdresden.de\/index.php?rest_route=%2Fwp%2Fv2%2Fmedia&parent=18"}],"curies":[{"name":"wp","href":"https:\/\/api.w.org\/{rel}","templated":true}]}}