{"id":1435,"date":"2016-11-28T21:32:14","date_gmt":"2016-11-28T20:32:14","guid":{"rendered":"http:\/\/www.vereinfernsehturmdresden.de\/?page_id=1435"},"modified":"2023-01-05T10:36:51","modified_gmt":"2023-01-05T09:36:51","slug":"sonderedition-vision-fuer-dresden-televersum","status":"publish","type":"page","link":"https:\/\/www.vereinfernsehturmdresden.de\/?page_id=1435","title":{"rendered":"Sonderedition &#8211; Vision f\u00fcr Dresden \u201eTeleversum\u201c"},"content":{"rendered":"<p style=\"text-align: center;\"><span id=\"fbPhotoSnowliftCaption\" class=\"fbPhotosPhotoCaption\" tabindex=\"0\" data-ft=\"{&quot;tn&quot;:&quot;K&quot;}\"><span class=\"hasCaption\">Bei uns gab es die exklusive Sektedition &#8211; <\/span><\/span>limitiert auf 1969 St\u00fcck.<\/p>\n<p style=\"text-align: center;\"><strong>Der Preis betrug 25,00 EUR. <\/strong><\/p>\n<p>Dem Fernsehturm ganz nahe sein, dass war f\u00fcr jeden ganz einfach m\u00f6glich. Wir, der Verein haben die auf 1969 Exemplare limitierte Sektedition angeboten. Sie konnte bis Ende 2022 bei uns erworben werden. Eine abgespeckte Variante ohne Sekt ist theoretisch noch vorhanden. Die Edition besteht so nur aus den Gl\u00e4sern und dem sch\u00f6nen Karton. Wir \u00fcberlegen, bei erh\u00f6hter Nachfrage den Sekt neu aufzulegen.<\/p>\n<p>Der direkte Erwerb ist nach telefonischer Voranmeldung m\u00f6glich!<\/p>\n<p><img loading=\"lazy\" decoding=\"async\" class=\"wp-image-1485 alignnone\" src=\"http:\/\/www.vereinfernsehturmdresden.de\/wp-content\/uploads\/2014\/06\/2K3A5570-300x236.jpg\" alt=\"\" width=\"789\" height=\"621\" srcset=\"https:\/\/www.vereinfernsehturmdresden.de\/wp-content\/uploads\/2014\/06\/2K3A5570-300x236.jpg 300w, https:\/\/www.vereinfernsehturmdresden.de\/wp-content\/uploads\/2014\/06\/2K3A5570-768x603.jpg 768w, https:\/\/www.vereinfernsehturmdresden.de\/wp-content\/uploads\/2014\/06\/2K3A5570-1024x805.jpg 1024w, https:\/\/www.vereinfernsehturmdresden.de\/wp-content\/uploads\/2014\/06\/2K3A5570-830x652.jpg 830w, https:\/\/www.vereinfernsehturmdresden.de\/wp-content\/uploads\/2014\/06\/2K3A5570-230x181.jpg 230w, https:\/\/www.vereinfernsehturmdresden.de\/wp-content\/uploads\/2014\/06\/2K3A5570-350x275.jpg 350w, https:\/\/www.vereinfernsehturmdresden.de\/wp-content\/uploads\/2014\/06\/2K3A5570-480x377.jpg 480w, https:\/\/www.vereinfernsehturmdresden.de\/wp-content\/uploads\/2014\/06\/2K3A5570.jpg 2048w\" sizes=\"(max-width: 789px) 100vw, 789px\" \/> &nbsp;&nbsp; <img loading=\"lazy\" decoding=\"async\" class=\" wp-image-1791 alignnone\" src=\"http:\/\/www.vereinfernsehturmdresden.de\/wp-content\/uploads\/2018\/12\/sekt02-165x300.jpg\" alt=\"\" width=\"354\" height=\"644\" srcset=\"https:\/\/www.vereinfernsehturmdresden.de\/wp-content\/uploads\/2018\/12\/sekt02-165x300.jpg 165w, https:\/\/www.vereinfernsehturmdresden.de\/wp-content\/uploads\/2018\/12\/sekt02-230x418.jpg 230w, https:\/\/www.vereinfernsehturmdresden.de\/wp-content\/uploads\/2018\/12\/sekt02-350x636.jpg 350w, https:\/\/www.vereinfernsehturmdresden.de\/wp-content\/uploads\/2018\/12\/sekt02-480x873.jpg 480w, https:\/\/www.vereinfernsehturmdresden.de\/wp-content\/uploads\/2018\/12\/sekt02.jpg 528w\" sizes=\"(max-width: 354px) 100vw, 354px\" \/><\/p>\n<p style=\"text-align: center;\">&nbsp;<\/p>\n<p style=\"text-align: center;\">&nbsp;<\/p>\n<div class=\"twoclick_social_bookmarks_post_1435 social_share_privacy clearfix 1.6.4 locale-de_DE sprite-de_DE\"><\/div><div class=\"twoclick-js\"><script type=\"text\/javascript\">\/* <![CDATA[ *\/\njQuery(document).ready(function($){if($('.twoclick_social_bookmarks_post_1435')){$('.twoclick_social_bookmarks_post_1435').socialSharePrivacy({\"services\":{\"facebook\":{\"status\":\"on\",\"txt_info\":\"2 Klicks f\\u00fcr mehr Datenschutz: Erst wenn Sie hier klicken, wird der Button aktiv und Sie k\\u00f6nnen Ihre Empfehlung an Facebook senden. Schon beim Aktivieren werden Daten an Dritte \\u00fcbertragen - siehe <em>i<\\\/em>.\",\"perma_option\":\"off\",\"action\":\"like\",\"language\":\"de_DE\"},\"twitter\":{\"reply_to\":\"\",\"tweet_text\":\"%20Sonderedition%20%E2%80%93%20Vision%20f%C3%BCr%20Dresden%20%E2%80%9ETeleversum%E2%80%9C%20%C2%BB%20...\",\"status\":\"on\",\"txt_info\":\"2 Klicks f\\u00fcr mehr Datenschutz: Erst wenn Sie hier klicken, wird der Button aktiv und Sie k\\u00f6nnen Ihre Empfehlung an Twitter senden. Schon beim Aktivieren werden Daten an Dritte \\u00fcbertragen - siehe <em>i<\\\/em>.\",\"perma_option\":\"off\",\"language\":\"de\",\"referrer_track\":\"\"},\"gplus\":{\"status\":\"on\",\"txt_info\":\"2 Klicks f\\u00fcr mehr Datenschutz: Erst wenn Sie hier klicken, wird der Button aktiv und Sie k\\u00f6nnen Ihre Empfehlung an Google+ senden. Schon beim Aktivieren werden Daten an Dritte \\u00fcbertragen - siehe <em>i<\\\/em>.\",\"perma_option\":\"off\",\"referrer_track\":\"\"}},\"txt_help\":\"Wenn Sie diese Felder durch einen Klick aktivieren, werden Informationen an Facebook, Twitter, Flattr, Xing, t3n, LinkedIn, Pinterest oder Google eventuell ins Ausland \\u00fcbertragen und unter Umst\\u00e4nden auch dort gespeichert. N\\u00e4heres erfahren Sie durch einen Klick auf das <em>i<\\\/em>.\",\"settings_perma\":\"Dauerhaft aktivieren und Daten\\u00fcber-tragung zustimmen:\",\"info_link\":\"http:\\\/\\\/www.heise.de\\\/ct\\\/artikel\\\/2-Klicks-fuer-mehr-Datenschutz-1333879.html\",\"uri\":\"https:\\\/\\\/www.vereinfernsehturmdresden.de\\\/?page_id=1435\",\"post_id\":1435,\"post_title_referrer_track\":\"Sonderedition+%26%238211%3B+Vision+f%C3%BCr+Dresden+%E2%80%9ETeleversum%E2%80%9C\",\"display_infobox\":\"on\"});}});\n\/* ]]> *\/<\/script><\/div>","protected":false},"excerpt":{"rendered":"<p>Bei uns gab es die exklusive Sektedition &#8211; limitiert auf 1969 St\u00fcck. Der Preis betrug 25,00 EUR. Dem Fernsehturm ganz nahe sein, [&hellip;]<\/p>\n","protected":false},"author":1,"featured_media":0,"parent":0,"menu_order":0,"comment_status":"closed","ping_status":"closed","template":"","meta":{"ngg_post_thumbnail":0,"footnotes":""},"aioseo_notices":[],"_links":{"self":[{"href":"https:\/\/www.vereinfernsehturmdresden.de\/index.php?rest_route=\/wp\/v2\/pages\/1435"}],"collection":[{"href":"https:\/\/www.vereinfernsehturmdresden.de\/index.php?rest_route=\/wp\/v2\/pages"}],"about":[{"href":"https:\/\/www.vereinfernsehturmdresden.de\/index.php?rest_route=\/wp\/v2\/types\/page"}],"author":[{"embeddable":true,"href":"https:\/\/www.vereinfernsehturmdresden.de\/index.php?rest_route=\/wp\/v2\/users\/1"}],"replies":[{"embeddable":true,"href":"https:\/\/www.vereinfernsehturmdresden.de\/index.php?rest_route=%2Fwp%2Fv2%2Fcomments&post=1435"}],"version-history":[{"count":13,"href":"https:\/\/www.vereinfernsehturmdresden.de\/index.php?rest_route=\/wp\/v2\/pages\/1435\/revisions"}],"predecessor-version":[{"id":2168,"href":"https:\/\/www.vereinfernsehturmdresden.de\/index.php?rest_route=\/wp\/v2\/pages\/1435\/revisions\/2168"}],"wp:attachment":[{"href":"https:\/\/www.vereinfernsehturmdresden.de\/index.php?rest_route=%2Fwp%2Fv2%2Fmedia&parent=1435"}],"curies":[{"name":"wp","href":"https:\/\/api.w.org\/{rel}","templated":true}]}}