{"id":137,"date":"2014-06-23T09:49:58","date_gmt":"2014-06-23T07:49:58","guid":{"rendered":"http:\/\/www.p-ace.de\/FTurm\/?page_id=137"},"modified":"2024-02-23T11:47:07","modified_gmt":"2024-02-23T10:47:07","slug":"herzlich-willkommen","status":"publish","type":"page","link":"https:\/\/www.vereinfernsehturmdresden.de\/","title":{"rendered":"Herzlich Willkommen!"},"content":{"rendered":"\n<h3 class=\"wp-block-heading\">Die Gesichter des Vereins<\/h3>\n\n\n\n<p>Das unser Gr\u00fcnder und langj\u00e4hriger Vereinsvorsitzende Eberhard Mittag Mitte 2022 zusammen mit dem Beiratsvorsitzende Klaus Martin bei einem Flugzeugabsturz t\u00f6dlich verungl\u00fcckte, hat uns schwer getroffen. Doch auch dadurch lassen wir uns nicht von unserem Vorhaben, den Fernsehturm Dresden wieder eine breiten \u00d6ffentlichkeit zug\u00e4nglich zu machen, abhalten. Durch den Flugzeugabsturz mussten wir uns allerdings neu aufstellen. Damit ihr sehr, wer nun in unserem Verein so unterwegs ist, m\u00f6chten wir uns nun heute bei euch vorstellen. <\/p>\n\n\n\n<figure class=\"wp-block-image size-large\"><a href=\"https:\/\/www.vereinfernsehturmdresden.de\/wp-content\/uploads\/2024\/02\/neuer-Vorstand-und-Beirat-mit-Erinnerungen.jpg\"><img loading=\"lazy\" decoding=\"async\" width=\"1024\" height=\"683\" src=\"https:\/\/www.vereinfernsehturmdresden.de\/wp-content\/uploads\/2024\/02\/neuer-Vorstand-und-Beirat-mit-Erinnerungen-1024x683.jpg\" alt=\"\" class=\"wp-image-2233\" srcset=\"https:\/\/www.vereinfernsehturmdresden.de\/wp-content\/uploads\/2024\/02\/neuer-Vorstand-und-Beirat-mit-Erinnerungen-1024x683.jpg 1024w, https:\/\/www.vereinfernsehturmdresden.de\/wp-content\/uploads\/2024\/02\/neuer-Vorstand-und-Beirat-mit-Erinnerungen-300x200.jpg 300w, https:\/\/www.vereinfernsehturmdresden.de\/wp-content\/uploads\/2024\/02\/neuer-Vorstand-und-Beirat-mit-Erinnerungen-768x512.jpg 768w, https:\/\/www.vereinfernsehturmdresden.de\/wp-content\/uploads\/2024\/02\/neuer-Vorstand-und-Beirat-mit-Erinnerungen-1536x1024.jpg 1536w, https:\/\/www.vereinfernsehturmdresden.de\/wp-content\/uploads\/2024\/02\/neuer-Vorstand-und-Beirat-mit-Erinnerungen-1000x667.jpg 1000w, https:\/\/www.vereinfernsehturmdresden.de\/wp-content\/uploads\/2024\/02\/neuer-Vorstand-und-Beirat-mit-Erinnerungen-230x153.jpg 230w, https:\/\/www.vereinfernsehturmdresden.de\/wp-content\/uploads\/2024\/02\/neuer-Vorstand-und-Beirat-mit-Erinnerungen-350x233.jpg 350w, https:\/\/www.vereinfernsehturmdresden.de\/wp-content\/uploads\/2024\/02\/neuer-Vorstand-und-Beirat-mit-Erinnerungen-480x320.jpg 480w, https:\/\/www.vereinfernsehturmdresden.de\/wp-content\/uploads\/2024\/02\/neuer-Vorstand-und-Beirat-mit-Erinnerungen.jpg 1800w\" sizes=\"(max-width: 1024px) 100vw, 1024px\" \/><\/a><\/figure>\n\n\n\n<h3 class=\"wp-block-heading\">Fernsehturm Gruppe auf Facebook <\/h3>\n\n\n\n<figure class=\"wp-block-image size-large\"><a href=\"https:\/\/www.vereinfernsehturmdresden.de\/wp-content\/uploads\/2023\/07\/FB-Collage-1700-20230619_forFB.jpg\"><img loading=\"lazy\" decoding=\"async\" width=\"1024\" height=\"714\" src=\"https:\/\/www.vereinfernsehturmdresden.de\/wp-content\/uploads\/2023\/07\/FB-Collage-1700-20230619_forFB-1024x714.jpg\" alt=\"\" class=\"wp-image-2212\" srcset=\"https:\/\/www.vereinfernsehturmdresden.de\/wp-content\/uploads\/2023\/07\/FB-Collage-1700-20230619_forFB-1024x714.jpg 1024w, https:\/\/www.vereinfernsehturmdresden.de\/wp-content\/uploads\/2023\/07\/FB-Collage-1700-20230619_forFB-300x209.jpg 300w, https:\/\/www.vereinfernsehturmdresden.de\/wp-content\/uploads\/2023\/07\/FB-Collage-1700-20230619_forFB-768x535.jpg 768w, https:\/\/www.vereinfernsehturmdresden.de\/wp-content\/uploads\/2023\/07\/FB-Collage-1700-20230619_forFB-1536x1070.jpg 1536w, https:\/\/www.vereinfernsehturmdresden.de\/wp-content\/uploads\/2023\/07\/FB-Collage-1700-20230619_forFB-1000x697.jpg 1000w, https:\/\/www.vereinfernsehturmdresden.de\/wp-content\/uploads\/2023\/07\/FB-Collage-1700-20230619_forFB-230x160.jpg 230w, https:\/\/www.vereinfernsehturmdresden.de\/wp-content\/uploads\/2023\/07\/FB-Collage-1700-20230619_forFB-350x244.jpg 350w, https:\/\/www.vereinfernsehturmdresden.de\/wp-content\/uploads\/2023\/07\/FB-Collage-1700-20230619_forFB-480x334.jpg 480w, https:\/\/www.vereinfernsehturmdresden.de\/wp-content\/uploads\/2023\/07\/FB-Collage-1700-20230619_forFB.jpg 1722w\" sizes=\"(max-width: 1024px) 100vw, 1024px\" \/><\/a><\/figure>\n\n\n\n<h4 class=\"wp-block-heading\">Gruppe knackt die 3.200 Mitgliedsmarke<\/h4>\n\n\n\n<p>Im M\u00e4rz 2022 wurde die neue Gruppe auf Facebook von Josef Nitzsche, einem Beiratsmitglied, im Beisein von Eberhard Mittag gegr\u00fcndet. Sie soll den Fernsehturm Dresden den Menschen n\u00e4herbringen und ihn ins t\u00e4gliche Leben st\u00e4rker integrieren. So k\u00f6nnen die Dresdner selbst\u00e4ndig Bilder, Links und mehr zu ihrem Turm besser miteinander teilen. Bereits nach der ersten Woche z\u00e4hlte die Gruppe rund 500 Mitglieder. Nach einem Monat waren es dann schon 700, und 1000 am Ende des 2. Monats. Als es im Juni 2022 zum tragischen Flugzeugabsturz von Eberhard Mittag und Klaus Martin kam, bekundeten mehr als 1000 Menschen ihr Beileid &#8211; allein in der Gruppe. Anfang November durchbrach die Gruppe die 1.500 Mitgliedsmarke, was auch dem Nachbarschaftstag im Oktober 2022 zu verdanken ist. Seit dem 20. Juni 2023 verfolgen bereits mehr als 1.700 Gruppenmitglieder die Facebook-Gruppe. Diese stellt zwar keinen Teil des Fernsehturm Dresden e.V. dar, aber auf Grund der hohen Mitgliederzahl kann die Gruppe nun zus\u00e4tzlich zum Fernsehturmverein zur Wiederer\u00f6ffnung beitragen. Seither w\u00e4chst die Gruppe rasant. P\u00fcnktlich zum 54. Turmtag, durchbrach die Gruppe nun die 2.500 Mitgliedsmarke. Mit dem Jahreswechsel erreichte die Gruppe nun die 3.000 Mitgliedsmarke und hat seit Mitte Februar 3.200 Mitglieder.<\/p>\n\n\n\n<h3 class=\"wp-block-heading\">Damals. Heute. Zukunft. Der Fernsehturm Dresden.<\/h3>\n\n\n\n<figure class=\"wp-block-image size-large\"><a href=\"https:\/\/www.vereinfernsehturmdresden.de\/wp-content\/uploads\/2023\/05\/Damals-heute-zukunft-2023-scaled.jpg\"><img loading=\"lazy\" decoding=\"async\" width=\"1024\" height=\"576\" src=\"https:\/\/www.vereinfernsehturmdresden.de\/wp-content\/uploads\/2023\/05\/Damals-heute-zukunft-2023-1024x576.jpg\" alt=\"\" class=\"wp-image-2189\" srcset=\"https:\/\/www.vereinfernsehturmdresden.de\/wp-content\/uploads\/2023\/05\/Damals-heute-zukunft-2023-1024x576.jpg 1024w, https:\/\/www.vereinfernsehturmdresden.de\/wp-content\/uploads\/2023\/05\/Damals-heute-zukunft-2023-300x169.jpg 300w, https:\/\/www.vereinfernsehturmdresden.de\/wp-content\/uploads\/2023\/05\/Damals-heute-zukunft-2023-768x432.jpg 768w, https:\/\/www.vereinfernsehturmdresden.de\/wp-content\/uploads\/2023\/05\/Damals-heute-zukunft-2023-1536x864.jpg 1536w, https:\/\/www.vereinfernsehturmdresden.de\/wp-content\/uploads\/2023\/05\/Damals-heute-zukunft-2023-2048x1152.jpg 2048w, https:\/\/www.vereinfernsehturmdresden.de\/wp-content\/uploads\/2023\/05\/Damals-heute-zukunft-2023-1000x563.jpg 1000w, https:\/\/www.vereinfernsehturmdresden.de\/wp-content\/uploads\/2023\/05\/Damals-heute-zukunft-2023-230x129.jpg 230w, https:\/\/www.vereinfernsehturmdresden.de\/wp-content\/uploads\/2023\/05\/Damals-heute-zukunft-2023-350x197.jpg 350w, https:\/\/www.vereinfernsehturmdresden.de\/wp-content\/uploads\/2023\/05\/Damals-heute-zukunft-2023-480x270.jpg 480w\" sizes=\"(max-width: 1024px) 100vw, 1024px\" \/><\/a><\/figure>\n\n\n\n<p>Die Collage zeigt eine Kombination der verschiedenen Zeiten. Von der Vergangenheit &#8211; \u00fcber die Gegenwart &#8211; bis hin in die Zukunft.<\/p>\n\n\n\n<p>Baustart 1964. Er\u00f6ffnung 1969. \u00d6ffentliche Nutzung bis 1991. Gr\u00fcndung unseres Vereins 2004. Zusage von F\u00f6rdermitteln des Bundesamtes f\u00fcr Denkmalpflege im Jahr 2018 mit 12,8 Mio. Euro. Zusage von Land und der Stadt Dresden zur gemeinsamen Bem\u00fchung zur Revitalisierung in H\u00f6he von je 6,4 Millionen Euro. Findung des zuk\u00fcnftigen Betreibers 2021. Der zuk\u00fcnftige Betreiber ist: Die Fernsehturm Dresden GmbH (bestehend aus DDV Mediengruppe, die Dresden Information GmbH und die Agentur Avantgarde). Gr\u00fcndung der &#8222;Fernsehturm Dresden&#8220; Facebook-Gruppe im M\u00e4rz 2022. Tragisches Ungl\u00fcck von Eberhard Mittag und Klaus Martin im Juli 2022. Nachbarschaftstag am, im und auf dem Turm im Oktober 2022. Start der Planungen f\u00fcr die Renovierung 2023. DFMG Gewinnspiel l\u00e4sst einige, wenige Dresdner auf den Turm. Fr\u00fchster Termin der Wiederer\u00f6ffnung 2025.<\/p>\n\n\n\n<p><\/p>\n\n\n\n<h3 class=\"wp-block-heading\">Der Fernsehturm Fotokalender ist ein voller Erfolg<\/h3>\n\n\n\n<figure class=\"wp-block-image size-full\"><a href=\"https:\/\/www.vereinfernsehturmdresden.de\/wp-content\/uploads\/2023\/05\/Screenshot-2022-12-14-231915_Teaser.png\"><img loading=\"lazy\" decoding=\"async\" width=\"581\" height=\"810\" src=\"https:\/\/www.vereinfernsehturmdresden.de\/wp-content\/uploads\/2023\/05\/Screenshot-2022-12-14-231915_Teaser.png\" alt=\"\" class=\"wp-image-2200\" srcset=\"https:\/\/www.vereinfernsehturmdresden.de\/wp-content\/uploads\/2023\/05\/Screenshot-2022-12-14-231915_Teaser.png 581w, https:\/\/www.vereinfernsehturmdresden.de\/wp-content\/uploads\/2023\/05\/Screenshot-2022-12-14-231915_Teaser-215x300.png 215w, https:\/\/www.vereinfernsehturmdresden.de\/wp-content\/uploads\/2023\/05\/Screenshot-2022-12-14-231915_Teaser-230x321.png 230w, https:\/\/www.vereinfernsehturmdresden.de\/wp-content\/uploads\/2023\/05\/Screenshot-2022-12-14-231915_Teaser-350x488.png 350w, https:\/\/www.vereinfernsehturmdresden.de\/wp-content\/uploads\/2023\/05\/Screenshot-2022-12-14-231915_Teaser-480x669.png 480w\" sizes=\"(max-width: 581px) 100vw, 581px\" \/><\/a><\/figure>\n\n\n\n<p>Die neuen und einzigartigen Foto-Kalender im A4-Hochformat f\u00fcr das Jahr 2023 und 2024 wurden sehr gut aufgenommen. Darum ist f\u00fcr das folgende Jahr 2025 eine weitere Auflage in Planung. Diese soll dann auch \u00fcber den Verein angeboten werden. Vorbestellungen sind demn\u00e4chst \u00fcber die Gruppe &#8222;Fernsehturm Dresden&#8220; m\u00f6glich. Weitere Informationen werden bald folgen.<\/p>\n\n\n\n<h2 class=\"wp-block-heading\"><\/h2>\n<div class=\"twoclick_social_bookmarks_post_137 social_share_privacy clearfix 1.6.4 locale-de_DE sprite-de_DE\"><\/div><div class=\"twoclick-js\"><script type=\"text\/javascript\">\/* <![CDATA[ *\/\njQuery(document).ready(function($){if($('.twoclick_social_bookmarks_post_137')){$('.twoclick_social_bookmarks_post_137').socialSharePrivacy({\"services\":{\"facebook\":{\"status\":\"on\",\"txt_info\":\"2 Klicks f\\u00fcr mehr Datenschutz: Erst wenn Sie hier klicken, wird der Button aktiv und Sie k\\u00f6nnen Ihre Empfehlung an Facebook senden. Schon beim Aktivieren werden Daten an Dritte \\u00fcbertragen - siehe <em>i<\\\/em>.\",\"perma_option\":\"off\",\"action\":\"like\",\"language\":\"de_DE\"},\"twitter\":{\"reply_to\":\"\",\"tweet_text\":\"Herzlich%20Willkommen%21%20%C2%BB%20Fernsehturm%20Dresden%20e.V.\",\"status\":\"on\",\"txt_info\":\"2 Klicks f\\u00fcr mehr Datenschutz: Erst wenn Sie hier klicken, wird der Button aktiv und Sie k\\u00f6nnen Ihre Empfehlung an Twitter senden. Schon beim Aktivieren werden Daten an Dritte \\u00fcbertragen - siehe <em>i<\\\/em>.\",\"perma_option\":\"off\",\"language\":\"de\",\"referrer_track\":\"\"},\"gplus\":{\"status\":\"on\",\"txt_info\":\"2 Klicks f\\u00fcr mehr Datenschutz: Erst wenn Sie hier klicken, wird der Button aktiv und Sie k\\u00f6nnen Ihre Empfehlung an Google+ senden. Schon beim Aktivieren werden Daten an Dritte \\u00fcbertragen - siehe <em>i<\\\/em>.\",\"perma_option\":\"off\",\"referrer_track\":\"\"}},\"txt_help\":\"Wenn Sie diese Felder durch einen Klick aktivieren, werden Informationen an Facebook, Twitter, Flattr, Xing, t3n, LinkedIn, Pinterest oder Google eventuell ins Ausland \\u00fcbertragen und unter Umst\\u00e4nden auch dort gespeichert. N\\u00e4heres erfahren Sie durch einen Klick auf das <em>i<\\\/em>.\",\"settings_perma\":\"Dauerhaft aktivieren und Daten\\u00fcber-tragung zustimmen:\",\"info_link\":\"http:\\\/\\\/www.heise.de\\\/ct\\\/artikel\\\/2-Klicks-fuer-mehr-Datenschutz-1333879.html\",\"uri\":\"https:\\\/\\\/www.vereinfernsehturmdresden.de\\\/\",\"post_id\":137,\"post_title_referrer_track\":\"Herzlich+Willkommen%21\",\"display_infobox\":\"on\"});}});\n\/* ]]> *\/<\/script><\/div>","protected":false},"excerpt":{"rendered":"<p>Die Gesichter des Vereins Das unser Gr\u00fcnder und langj\u00e4hriger Vereinsvorsitzende Eberhard Mittag Mitte 2022 zusammen mit dem Beiratsvorsitzende Klaus Martin bei einem [&hellip;]<\/p>\n","protected":false},"author":1,"featured_media":0,"parent":0,"menu_order":0,"comment_status":"closed","ping_status":"closed","template":"","meta":{"ngg_post_thumbnail":0,"footnotes":""},"aioseo_notices":[],"_links":{"self":[{"href":"https:\/\/www.vereinfernsehturmdresden.de\/index.php?rest_route=\/wp\/v2\/pages\/137"}],"collection":[{"href":"https:\/\/www.vereinfernsehturmdresden.de\/index.php?rest_route=\/wp\/v2\/pages"}],"about":[{"href":"https:\/\/www.vereinfernsehturmdresden.de\/index.php?rest_route=\/wp\/v2\/types\/page"}],"author":[{"embeddable":true,"href":"https:\/\/www.vereinfernsehturmdresden.de\/index.php?rest_route=\/wp\/v2\/users\/1"}],"replies":[{"embeddable":true,"href":"https:\/\/www.vereinfernsehturmdresden.de\/index.php?rest_route=%2Fwp%2Fv2%2Fcomments&post=137"}],"version-history":[{"count":100,"href":"https:\/\/www.vereinfernsehturmdresden.de\/index.php?rest_route=\/wp\/v2\/pages\/137\/revisions"}],"predecessor-version":[{"id":2235,"href":"https:\/\/www.vereinfernsehturmdresden.de\/index.php?rest_route=\/wp\/v2\/pages\/137\/revisions\/2235"}],"wp:attachment":[{"href":"https:\/\/www.vereinfernsehturmdresden.de\/index.php?rest_route=%2Fwp%2Fv2%2Fmedia&parent=137"}],"curies":[{"name":"wp","href":"https:\/\/api.w.org\/{rel}","templated":true}]}}