{"id":133,"date":"2014-06-23T09:45:53","date_gmt":"2014-06-23T07:45:53","guid":{"rendered":"http:\/\/www.p-ace.de\/FTurm\/?page_id=133"},"modified":"2022-11-09T21:17:47","modified_gmt":"2022-11-09T20:17:47","slug":"vereinstaetigkeit","status":"publish","type":"page","link":"https:\/\/www.vereinfernsehturmdresden.de\/?page_id=133","title":{"rendered":"Verein"},"content":{"rendered":"<p>Der Fernsehturm Dresden e.V. wurde am 26.11.2004 gegr\u00fcndet.<br \/>\nEr ist mit Vereinsnummer VR 4441 beim Amtsgericht Dresden eingetragen und als gemeinn\u00fctzig eingestuft.<\/p>\n<p><strong>Vorstand:<\/strong><\/p>\n<p>Vorsitzender:\u00a0 Ulrich Dre\u00dfler<\/p>\n<p>Stellvertreter:\u00a0 \u00a0Rainer K\u00e4stner<\/p>\n<p>2. Stellvertreter: Frank Kern<\/p>\n<p>Schriftf\u00fchrerin: Dagmar Bartels<\/p>\n<p>Schatzmeister:\u00a0 M.-Michael M\u00fcller<\/p>\n<p>Ihre Spende f\u00fcr die Arbeit des Vereins ist uns eine gro\u00dfe Hilfe. Der Verein ist als gemeinn\u00fctzig eingestuft. F\u00fcr geleistete Spenden k\u00f6nnen auf Anfrage Spendenbescheinigungen f\u00fcr das Finanzamt ausgestellt werden.<\/p>\n<p>Bitte nutzen Sie dazu folgendes Konto:<\/p>\n<p>Verein Fernsehturm Dresden e.V.<br \/>\nDresdner Volksbank Raiffeisenbank<br \/>\nIBAN: \u00a0\u00a0<b>DE09 8509 0000 35190 91010<\/b><\/p>\n<p><strong>Wir m\u00f6chte alle Unterst\u00fctzer bitten, sich weiterhin auch pers\u00f6nlich f\u00fcr den Turm einzusetzen.<\/strong><\/p>\n<p>Sie brauchen nicht zwangsweise dem Verein beitreten, um aktiv etwas f\u00fcr den Turm zu tun. Jede Aktivit\u00e4t, jeder noch so kleine Impuls f\u00fcr den Turm hilft, dass wir unser gemeinsames Ziel erreichen. Dennoch sind insbesondere aktive Mitglieder im Verein wichtig und nat\u00fcrlich jederzeit herzlich willkommen. Das Beitrittsformular finden Sie <a href=\"http:\/\/www.vereinfernsehturmdresden.de\/?page_id=139\" target=\"_blank\" rel=\"noopener noreferrer\">hier<\/a>.<\/p>\n<div class=\"twoclick_social_bookmarks_post_133 social_share_privacy clearfix 1.6.4 locale-de_DE sprite-de_DE\"><\/div><div class=\"twoclick-js\"><script type=\"text\/javascript\">\/* <![CDATA[ *\/\njQuery(document).ready(function($){if($('.twoclick_social_bookmarks_post_133')){$('.twoclick_social_bookmarks_post_133').socialSharePrivacy({\"services\":{\"facebook\":{\"status\":\"on\",\"txt_info\":\"2 Klicks f\\u00fcr mehr Datenschutz: Erst wenn Sie hier klicken, wird der Button aktiv und Sie k\\u00f6nnen Ihre Empfehlung an Facebook senden. Schon beim Aktivieren werden Daten an Dritte \\u00fcbertragen - siehe <em>i<\\\/em>.\",\"perma_option\":\"off\",\"action\":\"like\",\"language\":\"de_DE\"},\"twitter\":{\"reply_to\":\"\",\"tweet_text\":\"Verein%20%C2%BB%20Fernsehturm%20Dresden%20e.V.\",\"status\":\"on\",\"txt_info\":\"2 Klicks f\\u00fcr mehr Datenschutz: Erst wenn Sie hier klicken, wird der Button aktiv und Sie k\\u00f6nnen Ihre Empfehlung an Twitter senden. Schon beim Aktivieren werden Daten an Dritte \\u00fcbertragen - siehe <em>i<\\\/em>.\",\"perma_option\":\"off\",\"language\":\"de\",\"referrer_track\":\"\"},\"gplus\":{\"status\":\"on\",\"txt_info\":\"2 Klicks f\\u00fcr mehr Datenschutz: Erst wenn Sie hier klicken, wird der Button aktiv und Sie k\\u00f6nnen Ihre Empfehlung an Google+ senden. Schon beim Aktivieren werden Daten an Dritte \\u00fcbertragen - siehe <em>i<\\\/em>.\",\"perma_option\":\"off\",\"referrer_track\":\"\"}},\"txt_help\":\"Wenn Sie diese Felder durch einen Klick aktivieren, werden Informationen an Facebook, Twitter, Flattr, Xing, t3n, LinkedIn, Pinterest oder Google eventuell ins Ausland \\u00fcbertragen und unter Umst\\u00e4nden auch dort gespeichert. N\\u00e4heres erfahren Sie durch einen Klick auf das <em>i<\\\/em>.\",\"settings_perma\":\"Dauerhaft aktivieren und Daten\\u00fcber-tragung zustimmen:\",\"info_link\":\"http:\\\/\\\/www.heise.de\\\/ct\\\/artikel\\\/2-Klicks-fuer-mehr-Datenschutz-1333879.html\",\"uri\":\"https:\\\/\\\/www.vereinfernsehturmdresden.de\\\/?page_id=133\",\"post_id\":133,\"post_title_referrer_track\":\"Verein\",\"display_infobox\":\"on\"});}});\n\/* ]]> *\/<\/script><\/div>","protected":false},"excerpt":{"rendered":"<p>Der Fernsehturm Dresden e.V. wurde am 26.11.2004 gegr\u00fcndet. Er ist mit Vereinsnummer VR 4441 beim Amtsgericht Dresden eingetragen und als gemeinn\u00fctzig eingestuft. [&hellip;]<\/p>\n","protected":false},"author":1,"featured_media":0,"parent":0,"menu_order":2,"comment_status":"closed","ping_status":"closed","template":"","meta":{"ngg_post_thumbnail":0,"footnotes":""},"aioseo_notices":[],"_links":{"self":[{"href":"https:\/\/www.vereinfernsehturmdresden.de\/index.php?rest_route=\/wp\/v2\/pages\/133"}],"collection":[{"href":"https:\/\/www.vereinfernsehturmdresden.de\/index.php?rest_route=\/wp\/v2\/pages"}],"about":[{"href":"https:\/\/www.vereinfernsehturmdresden.de\/index.php?rest_route=\/wp\/v2\/types\/page"}],"author":[{"embeddable":true,"href":"https:\/\/www.vereinfernsehturmdresden.de\/index.php?rest_route=\/wp\/v2\/users\/1"}],"replies":[{"embeddable":true,"href":"https:\/\/www.vereinfernsehturmdresden.de\/index.php?rest_route=%2Fwp%2Fv2%2Fcomments&post=133"}],"version-history":[{"count":31,"href":"https:\/\/www.vereinfernsehturmdresden.de\/index.php?rest_route=\/wp\/v2\/pages\/133\/revisions"}],"predecessor-version":[{"id":2130,"href":"https:\/\/www.vereinfernsehturmdresden.de\/index.php?rest_route=\/wp\/v2\/pages\/133\/revisions\/2130"}],"wp:attachment":[{"href":"https:\/\/www.vereinfernsehturmdresden.de\/index.php?rest_route=%2Fwp%2Fv2%2Fmedia&parent=133"}],"curies":[{"name":"wp","href":"https:\/\/api.w.org\/{rel}","templated":true}]}}